{"id":2840,"date":"2025-11-14T08:39:52","date_gmt":"2025-11-14T08:39:52","guid":{"rendered":"https:\/\/konioarts.com\/?post_type=product&#038;p=2840"},"modified":"2025-11-20T20:07:35","modified_gmt":"2025-11-20T20:07:35","slug":"poster-northern-lights-over-dalsfjorden","status":"publish","type":"product","link":"https:\/\/konioarts.com\/pl\/produkt\/poster-northern-lights-over-dalsfjorden\/","title":{"rendered":"Poster Northern Lights over Dalsfjorden (Galten)"},"content":{"rendered":"<p><span data-sheets-root=\"1\">Posters are sold without a frame. Every printout is signed.<br \/>\nEach design begins as a hand-drawn sketch and is then transformed into a digital surreal illustration.<br \/>\nPrinted with high-quality inks on thick matte 200 g\/m\u00b2 paper, ensuring vibrant colours and a smooth, elegant texture.<br \/>\nAvailable sizes: A4 (21 \u00d7 29.7 cm), A3 (29.7 \u00d7 42 cm), or 30 \u00d7 40 cm.<\/span><\/p>","protected":false},"excerpt":{"rendered":"<p><span data-sheets-root=\"1\">This poster represents more than just a captivating, surreal view. It\u2019s a visual reminder of the power of imagination and dreams &#8211; and of having the courage and passion to bring them to life. The composition defies logic: the northern lights glow in the south, while the sun takes its final snooze before rising from behind the mountain peaks to begin the day.<\/span><\/p>\n<p>Northern Lights over Dalsfjorden (the view from Galten) is a perfect choice for dreamers, as well as for those who have had the chance to experience this beautiful route. It can be framed and hung on the wall as a unique piece of home d\u00e9cor, or kept as a special souvenir to remember Norway, its landscapes, and its incredible natural phenomena.<\/p>","protected":false},"featured_media":2863,"template":"","meta":{"_monsterinsights_skip_tracking":false,"_monsterinsights_sitenote_active":false,"_monsterinsights_sitenote_note":"","_monsterinsights_sitenote_category":0,"site-sidebar-layout":"default","site-content-layout":"","ast-site-content-layout":"default","site-content-style":"default","site-sidebar-style":"default","ast-global-header-display":"","ast-banner-title-visibility":"","ast-main-header-display":"","ast-hfb-above-header-display":"","ast-hfb-below-header-display":"","ast-hfb-mobile-header-display":"","site-post-title":"","ast-breadcrumbs-content":"","ast-featured-img":"","footer-sml-layout":"","ast-disable-related-posts":"","theme-transparent-header-meta":"","adv-header-id-meta":"","stick-header-meta":"","header-above-stick-meta":"","header-main-stick-meta":"","header-below-stick-meta":"","astra-migrate-meta-layouts":"default","ast-page-background-enabled":"default","ast-page-background-meta":{"desktop":{"background-color":"","background-image":"","background-repeat":"repeat","background-position":"center center","background-size":"auto","background-attachment":"scroll","background-type":"","background-media":"","overlay-type":"","overlay-color":"","overlay-opacity":"","overlay-gradient":""},"tablet":{"background-color":"","background-image":"","background-repeat":"repeat","background-position":"center center","background-size":"auto","background-attachment":"scroll","background-type":"","background-media":"","overlay-type":"","overlay-color":"","overlay-opacity":"","overlay-gradient":""},"mobile":{"background-color":"","background-image":"","background-repeat":"repeat","background-position":"center center","background-size":"auto","background-attachment":"scroll","background-type":"","background-media":"","overlay-type":"","overlay-color":"","overlay-opacity":"","overlay-gradient":""}},"ast-content-background-meta":{"desktop":{"background-color":"var(--ast-global-color-5)","background-image":"","background-repeat":"repeat","background-position":"center center","background-size":"auto","background-attachment":"scroll","background-type":"","background-media":"","overlay-type":"","overlay-color":"","overlay-opacity":"","overlay-gradient":""},"tablet":{"background-color":"var(--ast-global-color-5)","background-image":"","background-repeat":"repeat","background-position":"center center","background-size":"auto","background-attachment":"scroll","background-type":"","background-media":"","overlay-type":"","overlay-color":"","overlay-opacity":"","overlay-gradient":""},"mobile":{"background-color":"var(--ast-global-color-5)","background-image":"","background-repeat":"repeat","background-position":"center center","background-size":"auto","background-attachment":"scroll","background-type":"","background-media":"","overlay-type":"","overlay-color":"","overlay-opacity":"","overlay-gradient":""}}},"product_brand":[],"product_cat":[48],"product_tag":[],"class_list":{"0":"post-2840","1":"product","2":"type-product","3":"status-publish","4":"has-post-thumbnail","6":"product_cat-posters","7":"desktop-align-left","8":"tablet-align-left","9":"mobile-align-left","11":"first","12":"instock","13":"shipping-taxable","14":"product-type-simple"},"yoast_head":"<!-- This site is optimized with the Yoast SEO plugin v27.4 - https:\/\/yoast.com\/product\/yoast-seo-wordpress\/ -->\n<title>Poster Northern Lights over Dalsfjorden (Galten) - Posters, portraits &amp; design inspired by Sunnm\u00f8re<\/title>\n<meta name=\"robots\" content=\"index, follow, max-snippet:-1, max-image-preview:large, max-video-preview:-1\" \/>\n<link rel=\"canonical\" href=\"https:\/\/konioarts.com\/pl\/produkt\/poster-northern-lights-over-dalsfjorden\/\" \/>\n<meta property=\"og:locale\" content=\"pl_PL\" \/>\n<meta property=\"og:type\" content=\"article\" \/>\n<meta property=\"og:title\" content=\"Poster Northern Lights over Dalsfjorden (Galten) - Posters, portraits &amp; design inspired by Sunnm\u00f8re\" \/>\n<meta property=\"og:description\" content=\"This poster represents more than just a captivating, surreal view. It\u2019s a visual reminder of the power of imagination and dreams - and of having the courage and passion to bring them to life. The composition defies logic: the northern lights glow in the south, while the sun takes its final snooze before rising from behind the mountain peaks to begin the day.  Northern Lights over Dalsfjorden (the view from Galten) is a perfect choice for dreamers, as well as for those who have had the chance to experience this beautiful route. It can be framed and hung on the wall as a unique piece of home d\u00e9cor, or kept as a special souvenir to remember Norway, its landscapes, and its incredible natural phenomena.\" \/>\n<meta property=\"og:url\" content=\"https:\/\/konioarts.com\/pl\/produkt\/poster-northern-lights-over-dalsfjorden\/\" \/>\n<meta property=\"og:site_name\" content=\"Posters, portraits &amp; design inspired by Sunnm\u00f8re\" \/>\n<meta property=\"article:modified_time\" content=\"2025-11-20T20:07:35+00:00\" \/>\n<meta property=\"og:image\" content=\"https:\/\/konioarts.com\/wp-content\/uploads\/2025\/11\/northern-lights-over-dalsfjorden-galten-product.png\" \/>\n\t<meta property=\"og:image:width\" content=\"1200\" \/>\n\t<meta property=\"og:image:height\" content=\"1200\" \/>\n\t<meta property=\"og:image:type\" content=\"image\/png\" \/>\n<meta name=\"twitter:card\" content=\"summary_large_image\" \/>\n<meta name=\"twitter:label1\" content=\"Szacowany czas czytania\" \/>\n\t<meta name=\"twitter:data1\" content=\"1 minuta\" \/>\n<script type=\"application\/ld+json\" class=\"yoast-schema-graph\">{\"@context\":\"https:\\\/\\\/schema.org\",\"@graph\":[{\"@type\":\"WebPage\",\"@id\":\"https:\\\/\\\/konioarts.com\\\/product\\\/poster-northern-lights-over-dalsfjorden\\\/\",\"url\":\"https:\\\/\\\/konioarts.com\\\/product\\\/poster-northern-lights-over-dalsfjorden\\\/\",\"name\":\"Poster Northern Lights over Dalsfjorden (Galten) - Posters, portraits &amp; design inspired by Sunnm\u00f8re\",\"isPartOf\":{\"@id\":\"https:\\\/\\\/konioarts.com\\\/#website\"},\"primaryImageOfPage\":{\"@id\":\"https:\\\/\\\/konioarts.com\\\/product\\\/poster-northern-lights-over-dalsfjorden\\\/#primaryimage\"},\"image\":{\"@id\":\"https:\\\/\\\/konioarts.com\\\/product\\\/poster-northern-lights-over-dalsfjorden\\\/#primaryimage\"},\"thumbnailUrl\":\"https:\\\/\\\/konioarts.com\\\/wp-content\\\/uploads\\\/2025\\\/11\\\/northern-lights-over-dalsfjorden-galten-product.png\",\"datePublished\":\"2025-11-14T08:39:52+00:00\",\"dateModified\":\"2025-11-20T20:07:35+00:00\",\"breadcrumb\":{\"@id\":\"https:\\\/\\\/konioarts.com\\\/product\\\/poster-northern-lights-over-dalsfjorden\\\/#breadcrumb\"},\"inLanguage\":\"pl-PL\",\"potentialAction\":[{\"@type\":\"ReadAction\",\"target\":[\"https:\\\/\\\/konioarts.com\\\/product\\\/poster-northern-lights-over-dalsfjorden\\\/\"]}]},{\"@type\":\"ImageObject\",\"inLanguage\":\"pl-PL\",\"@id\":\"https:\\\/\\\/konioarts.com\\\/product\\\/poster-northern-lights-over-dalsfjorden\\\/#primaryimage\",\"url\":\"https:\\\/\\\/konioarts.com\\\/wp-content\\\/uploads\\\/2025\\\/11\\\/northern-lights-over-dalsfjorden-galten-product.png\",\"contentUrl\":\"https:\\\/\\\/konioarts.com\\\/wp-content\\\/uploads\\\/2025\\\/11\\\/northern-lights-over-dalsfjorden-galten-product.png\",\"width\":1200,\"height\":1200},{\"@type\":\"BreadcrumbList\",\"@id\":\"https:\\\/\\\/konioarts.com\\\/product\\\/poster-northern-lights-over-dalsfjorden\\\/#breadcrumb\",\"itemListElement\":[{\"@type\":\"ListItem\",\"position\":1,\"name\":\"Home\",\"item\":\"https:\\\/\\\/konioarts.com\\\/\"},{\"@type\":\"ListItem\",\"position\":2,\"name\":\"Shop\",\"item\":\"https:\\\/\\\/konioarts.com\\\/shop\\\/\"},{\"@type\":\"ListItem\",\"position\":3,\"name\":\"Poster Northern Lights over Dalsfjorden (Galten)\"}]},{\"@type\":\"WebSite\",\"@id\":\"https:\\\/\\\/konioarts.com\\\/#website\",\"url\":\"https:\\\/\\\/konioarts.com\\\/\",\"name\":\"Custom portraits, illustrations & graphic design\",\"description\":\"\",\"publisher\":{\"@id\":\"https:\\\/\\\/konioarts.com\\\/#organization\"},\"potentialAction\":[{\"@type\":\"SearchAction\",\"target\":{\"@type\":\"EntryPoint\",\"urlTemplate\":\"https:\\\/\\\/konioarts.com\\\/?s={search_term_string}\"},\"query-input\":{\"@type\":\"PropertyValueSpecification\",\"valueRequired\":true,\"valueName\":\"search_term_string\"}}],\"inLanguage\":\"pl-PL\"},{\"@type\":\"Organization\",\"@id\":\"https:\\\/\\\/konioarts.com\\\/#organization\",\"name\":\"Custom portraits, illustrations & graphic design\",\"url\":\"https:\\\/\\\/konioarts.com\\\/\",\"logo\":{\"@type\":\"ImageObject\",\"inLanguage\":\"pl-PL\",\"@id\":\"https:\\\/\\\/konioarts.com\\\/#\\\/schema\\\/logo\\\/image\\\/\",\"url\":\"https:\\\/\\\/konioarts.com\\\/wp-content\\\/uploads\\\/2024\\\/06\\\/Asset-1-pdf-10.jpg\",\"contentUrl\":\"https:\\\/\\\/konioarts.com\\\/wp-content\\\/uploads\\\/2024\\\/06\\\/Asset-1-pdf-10.jpg\",\"caption\":\"Custom portraits, illustrations & graphic design\"},\"image\":{\"@id\":\"https:\\\/\\\/konioarts.com\\\/#\\\/schema\\\/logo\\\/image\\\/\"},\"sameAs\":[\"https:\\\/\\\/www.instagram.com\\\/konio.arts\\\/\"]}]}<\/script>\n<!-- \/ Yoast SEO plugin. -->","yoast_head_json":{"title":"Poster Northern Lights over Dalsfjorden (Galten) - Posters, portraits &amp; design inspired by Sunnm\u00f8re","robots":{"index":"index","follow":"follow","max-snippet":"max-snippet:-1","max-image-preview":"max-image-preview:large","max-video-preview":"max-video-preview:-1"},"canonical":"https:\/\/konioarts.com\/pl\/produkt\/poster-northern-lights-over-dalsfjorden\/","og_locale":"pl_PL","og_type":"article","og_title":"Poster Northern Lights over Dalsfjorden (Galten) - Posters, portraits &amp; design inspired by Sunnm\u00f8re","og_description":"This poster represents more than just a captivating, surreal view. It\u2019s a visual reminder of the power of imagination and dreams - and of having the courage and passion to bring them to life. The composition defies logic: the northern lights glow in the south, while the sun takes its final snooze before rising from behind the mountain peaks to begin the day.  Northern Lights over Dalsfjorden (the view from Galten) is a perfect choice for dreamers, as well as for those who have had the chance to experience this beautiful route. It can be framed and hung on the wall as a unique piece of home d\u00e9cor, or kept as a special souvenir to remember Norway, its landscapes, and its incredible natural phenomena.","og_url":"https:\/\/konioarts.com\/pl\/produkt\/poster-northern-lights-over-dalsfjorden\/","og_site_name":"Posters, portraits &amp; design inspired by Sunnm\u00f8re","article_modified_time":"2025-11-20T20:07:35+00:00","og_image":[{"width":1200,"height":1200,"url":"https:\/\/konioarts.com\/wp-content\/uploads\/2025\/11\/northern-lights-over-dalsfjorden-galten-product.png","type":"image\/png"}],"twitter_card":"summary_large_image","twitter_misc":{"Szacowany czas czytania":"1 minuta"},"schema":{"@context":"https:\/\/schema.org","@graph":[{"@type":"WebPage","@id":"https:\/\/konioarts.com\/product\/poster-northern-lights-over-dalsfjorden\/","url":"https:\/\/konioarts.com\/product\/poster-northern-lights-over-dalsfjorden\/","name":"Poster Northern Lights over Dalsfjorden (Galten) - Posters, portraits &amp; design inspired by Sunnm\u00f8re","isPartOf":{"@id":"https:\/\/konioarts.com\/#website"},"primaryImageOfPage":{"@id":"https:\/\/konioarts.com\/product\/poster-northern-lights-over-dalsfjorden\/#primaryimage"},"image":{"@id":"https:\/\/konioarts.com\/product\/poster-northern-lights-over-dalsfjorden\/#primaryimage"},"thumbnailUrl":"https:\/\/konioarts.com\/wp-content\/uploads\/2025\/11\/northern-lights-over-dalsfjorden-galten-product.png","datePublished":"2025-11-14T08:39:52+00:00","dateModified":"2025-11-20T20:07:35+00:00","breadcrumb":{"@id":"https:\/\/konioarts.com\/product\/poster-northern-lights-over-dalsfjorden\/#breadcrumb"},"inLanguage":"pl-PL","potentialAction":[{"@type":"ReadAction","target":["https:\/\/konioarts.com\/product\/poster-northern-lights-over-dalsfjorden\/"]}]},{"@type":"ImageObject","inLanguage":"pl-PL","@id":"https:\/\/konioarts.com\/product\/poster-northern-lights-over-dalsfjorden\/#primaryimage","url":"https:\/\/konioarts.com\/wp-content\/uploads\/2025\/11\/northern-lights-over-dalsfjorden-galten-product.png","contentUrl":"https:\/\/konioarts.com\/wp-content\/uploads\/2025\/11\/northern-lights-over-dalsfjorden-galten-product.png","width":1200,"height":1200},{"@type":"BreadcrumbList","@id":"https:\/\/konioarts.com\/product\/poster-northern-lights-over-dalsfjorden\/#breadcrumb","itemListElement":[{"@type":"ListItem","position":1,"name":"Home","item":"https:\/\/konioarts.com\/"},{"@type":"ListItem","position":2,"name":"Shop","item":"https:\/\/konioarts.com\/shop\/"},{"@type":"ListItem","position":3,"name":"Poster Northern Lights over Dalsfjorden (Galten)"}]},{"@type":"WebSite","@id":"https:\/\/konioarts.com\/#website","url":"https:\/\/konioarts.com\/","name":"Custom portraits, illustrations & graphic design","description":"","publisher":{"@id":"https:\/\/konioarts.com\/#organization"},"potentialAction":[{"@type":"SearchAction","target":{"@type":"EntryPoint","urlTemplate":"https:\/\/konioarts.com\/?s={search_term_string}"},"query-input":{"@type":"PropertyValueSpecification","valueRequired":true,"valueName":"search_term_string"}}],"inLanguage":"pl-PL"},{"@type":"Organization","@id":"https:\/\/konioarts.com\/#organization","name":"Custom portraits, illustrations & graphic design","url":"https:\/\/konioarts.com\/","logo":{"@type":"ImageObject","inLanguage":"pl-PL","@id":"https:\/\/konioarts.com\/#\/schema\/logo\/image\/","url":"https:\/\/konioarts.com\/wp-content\/uploads\/2024\/06\/Asset-1-pdf-10.jpg","contentUrl":"https:\/\/konioarts.com\/wp-content\/uploads\/2024\/06\/Asset-1-pdf-10.jpg","caption":"Custom portraits, illustrations & graphic design"},"image":{"@id":"https:\/\/konioarts.com\/#\/schema\/logo\/image\/"},"sameAs":["https:\/\/www.instagram.com\/konio.arts\/"]}]}},"_links":{"self":[{"href":"https:\/\/konioarts.com\/pl\/wp-json\/wp\/v2\/product\/2840","targetHints":{"allow":["GET"]}}],"collection":[{"href":"https:\/\/konioarts.com\/pl\/wp-json\/wp\/v2\/product"}],"about":[{"href":"https:\/\/konioarts.com\/pl\/wp-json\/wp\/v2\/types\/product"}],"wp:featuredmedia":[{"embeddable":true,"href":"https:\/\/konioarts.com\/pl\/wp-json\/wp\/v2\/media\/2863"}],"wp:attachment":[{"href":"https:\/\/konioarts.com\/pl\/wp-json\/wp\/v2\/media?parent=2840"}],"wp:term":[{"taxonomy":"product_brand","embeddable":true,"href":"https:\/\/konioarts.com\/pl\/wp-json\/wp\/v2\/product_brand?post=2840"},{"taxonomy":"product_cat","embeddable":true,"href":"https:\/\/konioarts.com\/pl\/wp-json\/wp\/v2\/product_cat?post=2840"},{"taxonomy":"product_tag","embeddable":true,"href":"https:\/\/konioarts.com\/pl\/wp-json\/wp\/v2\/product_tag?post=2840"}],"curies":[{"name":"wp","href":"https:\/\/api.w.org\/{rel}","templated":true}]}}