{"id":1992,"date":"2024-06-24T12:30:20","date_gmt":"2024-06-24T12:30:20","guid":{"rendered":"https:\/\/konioarts.com\/?page_id=1992"},"modified":"2026-01-28T08:57:27","modified_gmt":"2026-01-28T08:57:27","slug":"contact","status":"publish","type":"page","link":"https:\/\/konioarts.com\/pl\/contact\/","title":{"rendered":"Napisz do mnie"},"content":{"rendered":"<div data-elementor-type=\"wp-post\" data-elementor-id=\"1992\" class=\"elementor elementor-1992\" data-elementor-post-type=\"page\">\n\t\t\t\t<div class=\"elementor-element elementor-element-2e847616 e-con-full e-flex e-con e-parent\" data-id=\"2e847616\" data-element_type=\"container\" data-e-type=\"container\">\n\t\t<div class=\"elementor-element elementor-element-24e87f9d e-con-full e-flex e-con e-child\" data-id=\"24e87f9d\" data-element_type=\"container\" data-e-type=\"container\">\n\t\t\t\t<div class=\"elementor-element elementor-element-7b28c7e1 elementor-widget elementor-widget-heading\" data-id=\"7b28c7e1\" data-element_type=\"widget\" data-e-type=\"widget\" data-widget_type=\"heading.default\">\n\t\t\t\t<div class=\"elementor-widget-container\">\n\t\t\t\t\t<h2 class=\"elementor-heading-title elementor-size-default\"><span style=\"font-weight: 600\">Jak skontaktowa\u0107 si\u0119 ze mn\u0105?<\/span><\/h2>\t\t\t\t<\/div>\n\t\t\t\t<\/div>\n\t\t\t\t<div class=\"elementor-element elementor-element-c5664c2 elementor-widget elementor-widget-text-editor\" data-id=\"c5664c2\" data-element_type=\"widget\" data-e-type=\"widget\" data-widget_type=\"text-editor.default\">\n\t\t\t\t<div class=\"elementor-widget-container\">\n\t\t\t\t\t\t\t\t\t<div style=\"caret-color: #3D5FE8; color: #2b42a3;\"><b>Email<\/b>:<p>order@konioarts.com<\/p><p><b>WhatsApp\u00a0<\/b><\/p><p>+48 514 008 378<\/p><p>+47 921 51 360<\/p><\/div>\t\t\t\t\t\t\t\t<\/div>\n\t\t\t\t<\/div>\n\t\t\t\t<\/div>\n\t\t<div class=\"elementor-element elementor-element-688b04b4 e-con-full e-flex e-con e-child\" data-id=\"688b04b4\" data-element_type=\"container\" data-e-type=\"container\">\n\t\t\t\t<div class=\"elementor-element elementor-element-771bf4a elementor-widget elementor-widget-image\" data-id=\"771bf4a\" data-element_type=\"widget\" data-e-type=\"widget\" data-widget_type=\"image.default\">\n\t\t\t\t<div class=\"elementor-widget-container\">\n\t\t\t\t\t\t\t\t\t\t\t\t\t\t\t<img fetchpriority=\"high\" decoding=\"async\" width=\"768\" height=\"768\" src=\"https:\/\/konioarts.com\/wp-content\/uploads\/2024\/06\/about-me-collage-1-768x768.png\" class=\"attachment-medium_large size-medium_large wp-image-2717\" alt=\"\" srcset=\"https:\/\/konioarts.com\/wp-content\/uploads\/2024\/06\/about-me-collage-1-768x768.png 768w, https:\/\/konioarts.com\/wp-content\/uploads\/2024\/06\/about-me-collage-1-300x300.png 300w, https:\/\/konioarts.com\/wp-content\/uploads\/2024\/06\/about-me-collage-1-150x150.png 150w, https:\/\/konioarts.com\/wp-content\/uploads\/2024\/06\/about-me-collage-1-12x12.png 12w, https:\/\/konioarts.com\/wp-content\/uploads\/2024\/06\/about-me-collage-1.png 900w\" sizes=\"(max-width: 768px) 100vw, 768px\" \/>\t\t\t\t\t\t\t\t\t\t\t\t\t\t\t<\/div>\n\t\t\t\t<\/div>\n\t\t\t\t<\/div>\n\t\t\t\t<\/div>\n\t\t<div class=\"elementor-element elementor-element-a53097 e-flex e-con-boxed e-con e-parent\" data-id=\"a53097\" data-element_type=\"container\" data-e-type=\"container\">\n\t\t\t\t\t<div class=\"e-con-inner\">\n\t\t<div class=\"elementor-element elementor-element-a6d7000 e-con-full e-flex e-con e-child\" data-id=\"a6d7000\" data-element_type=\"container\" data-e-type=\"container\">\n\t\t\t\t<div class=\"elementor-element elementor-element-2bb8cb0f elementor-widget elementor-widget-image\" data-id=\"2bb8cb0f\" data-element_type=\"widget\" data-e-type=\"widget\" data-widget_type=\"image.default\">\n\t\t\t\t<div class=\"elementor-widget-container\">\n\t\t\t\t\t\t\t\t\t\t\t\t\t\t\t<img decoding=\"async\" width=\"500\" height=\"900\" src=\"https:\/\/konioarts.com\/wp-content\/uploads\/2024\/06\/collage-contact-form-template-500-900.png\" class=\"attachment-large size-large wp-image-2723\" alt=\"\" srcset=\"https:\/\/konioarts.com\/wp-content\/uploads\/2024\/06\/collage-contact-form-template-500-900.png 500w, https:\/\/konioarts.com\/wp-content\/uploads\/2024\/06\/collage-contact-form-template-500-900-167x300.png 167w, https:\/\/konioarts.com\/wp-content\/uploads\/2024\/06\/collage-contact-form-template-500-900-7x12.png 7w\" sizes=\"(max-width: 500px) 100vw, 500px\" \/>\t\t\t\t\t\t\t\t\t\t\t\t\t\t\t<\/div>\n\t\t\t\t<\/div>\n\t\t\t\t<\/div>\n\t\t<div class=\"elementor-element elementor-element-e47174 e-con-full e-flex e-con e-child\" data-id=\"e47174\" data-element_type=\"container\" data-e-type=\"container\">\n\t\t\t\t<div class=\"elementor-element elementor-element-575e1152 elementor-widget elementor-widget-heading\" data-id=\"575e1152\" data-element_type=\"widget\" data-e-type=\"widget\" data-widget_type=\"heading.default\">\n\t\t\t\t<div class=\"elementor-widget-container\">\n\t\t\t\t\t<h2 class=\"elementor-heading-title elementor-size-default\"><font color=\"#D95B8A\"><span style=\"font-weight: 600\">...albo u\u017cyj formularza poni\u017cej.<\/span><\/font><\/h2>\t\t\t\t<\/div>\n\t\t\t\t<\/div>\n\t\t\t\t<div class=\"elementor-element elementor-element-f2818c6 elementor-widget elementor-widget-text-editor\" data-id=\"f2818c6\" data-element_type=\"widget\" data-e-type=\"widget\" data-widget_type=\"text-editor.default\">\n\t\t\t\t<div class=\"elementor-widget-container\">\n\t\t\t\t\t\t\t\t\t<p><span class=\"OYPEnA text-decoration-none text-strikethrough-none\">Masz pytanie zwi\u0105zane z zam\u00f3wieniem portretu, ilustracji lub us\u0142ugi graficznej? Daj mi zna\u0107!<\/span><\/p>\t\t\t\t\t\t\t\t<\/div>\n\t\t\t\t<\/div>\n\t\t<div class=\"elementor-element elementor-element-671ecd6c e-con-full e-flex e-con e-child\" data-id=\"671ecd6c\" data-element_type=\"container\" data-e-type=\"container\">\n\t\t\t\t<div class=\"elementor-element elementor-element-5c833d4d elementor-button-align-stretch elementor-widget elementor-widget-form\" data-id=\"5c833d4d\" data-element_type=\"widget\" data-e-type=\"widget\" data-settings=\"{&quot;step_next_label&quot;:&quot;Next&quot;,&quot;step_previous_label&quot;:&quot;Previous&quot;,&quot;button_width&quot;:&quot;30&quot;,&quot;step_type&quot;:&quot;number_text&quot;,&quot;step_icon_shape&quot;:&quot;circle&quot;}\" data-widget_type=\"form.default\">\n\t\t\t\t<div class=\"elementor-widget-container\">\n\t\t\t\t\t\t\t<form class=\"elementor-form\" method=\"post\" name=\"Contact form\" aria-label=\"Contact form\" novalidate=\"\" action=\"\">\n\t\t\t<input type=\"hidden\" name=\"post_id\" value=\"1992\"\/>\n\t\t\t<input type=\"hidden\" name=\"form_id\" value=\"5c833d4d\"\/>\n\t\t\t<input type=\"hidden\" name=\"referer_title\" value=\"Contact me - Posters, portraits &amp; design inspired by Sunnm\u00f8re\" \/>\n\n\t\t\t\t\t\t\t<input type=\"hidden\" name=\"queried_id\" value=\"1992\"\/>\n\t\t\t\n\t\t\t<div class=\"elementor-form-fields-wrapper elementor-labels-\">\n\t\t\t\t\t\t\t\t<div class=\"elementor-field-type-text elementor-field-group elementor-column elementor-field-group-name elementor-col-100\">\n\t\t\t\t\t\t\t\t\t\t\t\t<label for=\"form-field-name\" class=\"elementor-field-label elementor-screen-only\">\n\t\t\t\t\t\t\t\tImi\u0119\t\t\t\t\t\t\t<\/label>\n\t\t\t\t\t\t\t\t\t\t\t\t\t\t<input size=\"1\" type=\"text\" name=\"form_fields[name]\" id=\"form-field-name\" class=\"elementor-field elementor-size-sm  elementor-field-textual\" placeholder=\"Imi\u0119\">\n\t\t\t\t\t\t\t\t\t\t\t<\/div>\n\t\t\t\t\t\t\t\t<div class=\"elementor-field-type-email elementor-field-group elementor-column elementor-field-group-email elementor-col-100 elementor-field-required\">\n\t\t\t\t\t\t\t\t\t\t\t\t<label for=\"form-field-email\" class=\"elementor-field-label elementor-screen-only\">\n\t\t\t\t\t\t\t\tEmail\t\t\t\t\t\t\t<\/label>\n\t\t\t\t\t\t\t\t\t\t\t\t\t\t<input size=\"1\" type=\"email\" name=\"form_fields[email]\" id=\"form-field-email\" class=\"elementor-field elementor-size-sm  elementor-field-textual\" placeholder=\"Email\" required=\"required\">\n\t\t\t\t\t\t\t\t\t\t\t<\/div>\n\t\t\t\t\t\t\t\t<div class=\"elementor-field-type-textarea elementor-field-group elementor-column elementor-field-group-message elementor-col-100\">\n\t\t\t\t\t\t\t\t\t\t\t\t<label for=\"form-field-message\" class=\"elementor-field-label elementor-screen-only\">\n\t\t\t\t\t\t\t\tWiadomo\u015b\u0107\t\t\t\t\t\t\t<\/label>\n\t\t\t\t\t\t<textarea class=\"elementor-field-textual elementor-field  elementor-size-sm\" name=\"form_fields[message]\" id=\"form-field-message\" rows=\"4\" placeholder=\"Wiadomo\u015b\u0107\"><\/textarea>\t\t\t\t<\/div>\n\t\t\t\t\t\t\t\t<div class=\"elementor-field-type-acceptance elementor-field-group elementor-column elementor-field-group-field_46aff5d elementor-col-100 elementor-field-required\">\n\t\t\t\t\t\t\t\t\t\t\t\t<label for=\"form-field-field_46aff5d\" class=\"elementor-field-label elementor-screen-only\">\n\t\t\t\t\t\t\t\tTerms and conditions\t\t\t\t\t\t\t<\/label>\n\t\t\t\t\t\t\t\t<div class=\"elementor-field-subgroup\">\n\t\t\t<span class=\"elementor-field-option\">\n\t\t\t\t<input type=\"checkbox\" name=\"form_fields[field_46aff5d]\" id=\"form-field-field_46aff5d\" class=\"elementor-field elementor-size-sm  elementor-acceptance-field\" required=\"required\">\n\t\t\t\t<label for=\"form-field-field_46aff5d\">Zapozna\u0142em\/am si\u0119 z Polityk\u0105 Prywatno\u015bci oraz regulaminem zam\u00f3wie\u0144 i akceptuj\u0119 je<\/label>\t\t\t<\/span>\n\t\t<\/div>\n\t\t\t\t\t\t<\/div>\n\t\t\t\t\t\t\t\t<div class=\"elementor-field-group elementor-column elementor-field-type-submit elementor-col-30 e-form__buttons\">\n\t\t\t\t\t<button class=\"elementor-button elementor-size-sm elementor-animation-grow\" type=\"submit\">\n\t\t\t\t\t\t<span class=\"elementor-button-content-wrapper\">\n\t\t\t\t\t\t\t\t\t\t\t\t\t\t\t\t\t\t\t\t\t\t<span class=\"elementor-button-text\">Wy\u015blij<\/span>\n\t\t\t\t\t\t\t\t\t\t\t\t\t<\/span>\n\t\t\t\t\t<\/button>\n\t\t\t\t<\/div>\n\t\t\t<\/div>\n\t\t<input type=\"hidden\" name=\"trp-form-language\" value=\"pl\"\/><\/form>\n\t\t\t\t\t\t<\/div>\n\t\t\t\t<\/div>\n\t\t\t\t<\/div>\n\t\t\t\t<\/div>\n\t\t\t\t\t<\/div>\n\t\t\t\t<\/div>\n\t\t\t\t<\/div>","protected":false},"excerpt":{"rendered":"<p>Reach out to me! Email: order@konioarts.com Phone number:\u00a0 +48 514 008 378 +47 921 51 360 &#8230;or use the contact form! Do you have questions about ordering portraits, illustration or branding services? Let me know!<\/p>","protected":false},"author":1,"featured_media":0,"parent":0,"menu_order":0,"comment_status":"closed","ping_status":"closed","template":"","meta":{"_monsterinsights_skip_tracking":false,"_monsterinsights_sitenote_active":false,"_monsterinsights_sitenote_note":"","_monsterinsights_sitenote_category":0,"site-sidebar-layout":"default","site-content-layout":"","ast-site-content-layout":"default","site-content-style":"default","site-sidebar-style":"default","ast-global-header-display":"","ast-banner-title-visibility":"","ast-main-header-display":"","ast-hfb-above-header-display":"","ast-hfb-below-header-display":"","ast-hfb-mobile-header-display":"","site-post-title":"disabled","ast-breadcrumbs-content":"","ast-featured-img":"","footer-sml-layout":"","ast-disable-related-posts":"","theme-transparent-header-meta":"","adv-header-id-meta":"","stick-header-meta":"","header-above-stick-meta":"","header-main-stick-meta":"","header-below-stick-meta":"","astra-migrate-meta-layouts":"default","ast-page-background-enabled":"default","ast-page-background-meta":{"desktop":{"background-color":"","background-image":"","background-repeat":"repeat","background-position":"center center","background-size":"auto","background-attachment":"scroll","background-type":"","background-media":"","overlay-type":"","overlay-color":"","overlay-opacity":"","overlay-gradient":""},"tablet":{"background-color":"","background-image":"","background-repeat":"repeat","background-position":"center center","background-size":"auto","background-attachment":"scroll","background-type":"","background-media":"","overlay-type":"","overlay-color":"","overlay-opacity":"","overlay-gradient":""},"mobile":{"background-color":"","background-image":"","background-repeat":"repeat","background-position":"center center","background-size":"auto","background-attachment":"scroll","background-type":"","background-media":"","overlay-type":"","overlay-color":"","overlay-opacity":"","overlay-gradient":""}},"ast-content-background-meta":{"desktop":{"background-color":"var(--ast-global-color-5)","background-image":"","background-repeat":"repeat","background-position":"center center","background-size":"auto","background-attachment":"scroll","background-type":"","background-media":"","overlay-type":"","overlay-color":"","overlay-opacity":"","overlay-gradient":""},"tablet":{"background-color":"var(--ast-global-color-5)","background-image":"","background-repeat":"repeat","background-position":"center center","background-size":"auto","background-attachment":"scroll","background-type":"","background-media":"","overlay-type":"","overlay-color":"","overlay-opacity":"","overlay-gradient":""},"mobile":{"background-color":"var(--ast-global-color-5)","background-image":"","background-repeat":"repeat","background-position":"center center","background-size":"auto","background-attachment":"scroll","background-type":"","background-media":"","overlay-type":"","overlay-color":"","overlay-opacity":"","overlay-gradient":""}},"footnotes":""},"class_list":["post-1992","page","type-page","status-publish","hentry"],"yoast_head":"<!-- This site is optimized with the Yoast SEO plugin v27.4 - https:\/\/yoast.com\/product\/yoast-seo-wordpress\/ -->\n<title>Contact me - Posters, portraits &amp; design inspired by Sunnm\u00f8re<\/title>\n<meta name=\"description\" content=\"Order your personalised portrait or graphics now! Send me a message to learn about prices, process details, and start our collaboration.\" \/>\n<meta name=\"robots\" content=\"index, follow, max-snippet:-1, max-image-preview:large, max-video-preview:-1\" \/>\n<link rel=\"canonical\" href=\"https:\/\/konioarts.com\/pl\/contact\/\" \/>\n<meta property=\"og:locale\" content=\"pl_PL\" \/>\n<meta property=\"og:type\" content=\"article\" \/>\n<meta property=\"og:title\" content=\"Contact me - Posters, portraits &amp; design inspired by Sunnm\u00f8re\" \/>\n<meta property=\"og:description\" content=\"Order your personalised portrait or graphics now! Send me a message to learn about prices, process details, and start our collaboration.\" \/>\n<meta property=\"og:url\" content=\"https:\/\/konioarts.com\/pl\/contact\/\" \/>\n<meta property=\"og:site_name\" content=\"Posters, portraits &amp; design inspired by Sunnm\u00f8re\" \/>\n<meta property=\"article:modified_time\" content=\"2026-01-28T08:57:27+00:00\" \/>\n<meta property=\"og:image\" content=\"https:\/\/konioarts.com\/wp-content\/uploads\/2024\/06\/about-me-collage-1.png\" \/>\n\t<meta property=\"og:image:width\" content=\"900\" \/>\n\t<meta property=\"og:image:height\" content=\"900\" \/>\n\t<meta property=\"og:image:type\" content=\"image\/png\" \/>\n<meta name=\"twitter:card\" content=\"summary_large_image\" \/>\n<meta name=\"twitter:label1\" content=\"Szacowany czas czytania\" \/>\n\t<meta name=\"twitter:data1\" content=\"1 minuta\" \/>\n<script type=\"application\/ld+json\" class=\"yoast-schema-graph\">{\"@context\":\"https:\\\/\\\/schema.org\",\"@graph\":[{\"@type\":\"WebPage\",\"@id\":\"https:\\\/\\\/konioarts.com\\\/contact\\\/\",\"url\":\"https:\\\/\\\/konioarts.com\\\/contact\\\/\",\"name\":\"Contact me - Posters, portraits &amp; design inspired by Sunnm\u00f8re\",\"isPartOf\":{\"@id\":\"https:\\\/\\\/konioarts.com\\\/#website\"},\"primaryImageOfPage\":{\"@id\":\"https:\\\/\\\/konioarts.com\\\/contact\\\/#primaryimage\"},\"image\":{\"@id\":\"https:\\\/\\\/konioarts.com\\\/contact\\\/#primaryimage\"},\"thumbnailUrl\":\"https:\\\/\\\/konioarts.com\\\/wp-content\\\/uploads\\\/2024\\\/06\\\/about-me-collage-1-768x768.png\",\"datePublished\":\"2024-06-24T12:30:20+00:00\",\"dateModified\":\"2026-01-28T08:57:27+00:00\",\"description\":\"Order your personalised portrait or graphics now! Send me a message to learn about prices, process details, and start our collaboration.\",\"breadcrumb\":{\"@id\":\"https:\\\/\\\/konioarts.com\\\/contact\\\/#breadcrumb\"},\"inLanguage\":\"pl-PL\",\"potentialAction\":[{\"@type\":\"ReadAction\",\"target\":[\"https:\\\/\\\/konioarts.com\\\/contact\\\/\"]}]},{\"@type\":\"ImageObject\",\"inLanguage\":\"pl-PL\",\"@id\":\"https:\\\/\\\/konioarts.com\\\/contact\\\/#primaryimage\",\"url\":\"https:\\\/\\\/konioarts.com\\\/wp-content\\\/uploads\\\/2024\\\/06\\\/about-me-collage-1-768x768.png\",\"contentUrl\":\"https:\\\/\\\/konioarts.com\\\/wp-content\\\/uploads\\\/2024\\\/06\\\/about-me-collage-1-768x768.png\"},{\"@type\":\"BreadcrumbList\",\"@id\":\"https:\\\/\\\/konioarts.com\\\/contact\\\/#breadcrumb\",\"itemListElement\":[{\"@type\":\"ListItem\",\"position\":1,\"name\":\"Home\",\"item\":\"https:\\\/\\\/konioarts.com\\\/\"},{\"@type\":\"ListItem\",\"position\":2,\"name\":\"Contact me\"}]},{\"@type\":\"WebSite\",\"@id\":\"https:\\\/\\\/konioarts.com\\\/#website\",\"url\":\"https:\\\/\\\/konioarts.com\\\/\",\"name\":\"Custom portraits, illustrations & graphic design\",\"description\":\"\",\"publisher\":{\"@id\":\"https:\\\/\\\/konioarts.com\\\/#organization\"},\"potentialAction\":[{\"@type\":\"SearchAction\",\"target\":{\"@type\":\"EntryPoint\",\"urlTemplate\":\"https:\\\/\\\/konioarts.com\\\/?s={search_term_string}\"},\"query-input\":{\"@type\":\"PropertyValueSpecification\",\"valueRequired\":true,\"valueName\":\"search_term_string\"}}],\"inLanguage\":\"pl-PL\"},{\"@type\":\"Organization\",\"@id\":\"https:\\\/\\\/konioarts.com\\\/#organization\",\"name\":\"Custom portraits, illustrations & graphic design\",\"url\":\"https:\\\/\\\/konioarts.com\\\/\",\"logo\":{\"@type\":\"ImageObject\",\"inLanguage\":\"pl-PL\",\"@id\":\"https:\\\/\\\/konioarts.com\\\/#\\\/schema\\\/logo\\\/image\\\/\",\"url\":\"https:\\\/\\\/konioarts.com\\\/wp-content\\\/uploads\\\/2024\\\/06\\\/Asset-1-pdf-10.jpg\",\"contentUrl\":\"https:\\\/\\\/konioarts.com\\\/wp-content\\\/uploads\\\/2024\\\/06\\\/Asset-1-pdf-10.jpg\",\"caption\":\"Custom portraits, illustrations & graphic design\"},\"image\":{\"@id\":\"https:\\\/\\\/konioarts.com\\\/#\\\/schema\\\/logo\\\/image\\\/\"},\"sameAs\":[\"https:\\\/\\\/www.instagram.com\\\/konio.arts\\\/\"]}]}<\/script>\n<!-- \/ Yoast SEO plugin. -->","yoast_head_json":{"title":"Contact me - Posters, portraits &amp; design inspired by Sunnm\u00f8re","description":"Order your personalised portrait or graphics now! Send me a message to learn about prices, process details, and start our collaboration.","robots":{"index":"index","follow":"follow","max-snippet":"max-snippet:-1","max-image-preview":"max-image-preview:large","max-video-preview":"max-video-preview:-1"},"canonical":"https:\/\/konioarts.com\/pl\/contact\/","og_locale":"pl_PL","og_type":"article","og_title":"Contact me - Posters, portraits &amp; design inspired by Sunnm\u00f8re","og_description":"Order your personalised portrait or graphics now! Send me a message to learn about prices, process details, and start our collaboration.","og_url":"https:\/\/konioarts.com\/pl\/contact\/","og_site_name":"Posters, portraits &amp; design inspired by Sunnm\u00f8re","article_modified_time":"2026-01-28T08:57:27+00:00","og_image":[{"width":900,"height":900,"url":"https:\/\/konioarts.com\/wp-content\/uploads\/2024\/06\/about-me-collage-1.png","type":"image\/png"}],"twitter_card":"summary_large_image","twitter_misc":{"Szacowany czas czytania":"1 minuta"},"schema":{"@context":"https:\/\/schema.org","@graph":[{"@type":"WebPage","@id":"https:\/\/konioarts.com\/contact\/","url":"https:\/\/konioarts.com\/contact\/","name":"Contact me - Posters, portraits &amp; design inspired by Sunnm\u00f8re","isPartOf":{"@id":"https:\/\/konioarts.com\/#website"},"primaryImageOfPage":{"@id":"https:\/\/konioarts.com\/contact\/#primaryimage"},"image":{"@id":"https:\/\/konioarts.com\/contact\/#primaryimage"},"thumbnailUrl":"https:\/\/konioarts.com\/wp-content\/uploads\/2024\/06\/about-me-collage-1-768x768.png","datePublished":"2024-06-24T12:30:20+00:00","dateModified":"2026-01-28T08:57:27+00:00","description":"Order your personalised portrait or graphics now! Send me a message to learn about prices, process details, and start our collaboration.","breadcrumb":{"@id":"https:\/\/konioarts.com\/contact\/#breadcrumb"},"inLanguage":"pl-PL","potentialAction":[{"@type":"ReadAction","target":["https:\/\/konioarts.com\/contact\/"]}]},{"@type":"ImageObject","inLanguage":"pl-PL","@id":"https:\/\/konioarts.com\/contact\/#primaryimage","url":"https:\/\/konioarts.com\/wp-content\/uploads\/2024\/06\/about-me-collage-1-768x768.png","contentUrl":"https:\/\/konioarts.com\/wp-content\/uploads\/2024\/06\/about-me-collage-1-768x768.png"},{"@type":"BreadcrumbList","@id":"https:\/\/konioarts.com\/contact\/#breadcrumb","itemListElement":[{"@type":"ListItem","position":1,"name":"Home","item":"https:\/\/konioarts.com\/"},{"@type":"ListItem","position":2,"name":"Contact me"}]},{"@type":"WebSite","@id":"https:\/\/konioarts.com\/#website","url":"https:\/\/konioarts.com\/","name":"Custom portraits, illustrations & graphic design","description":"","publisher":{"@id":"https:\/\/konioarts.com\/#organization"},"potentialAction":[{"@type":"SearchAction","target":{"@type":"EntryPoint","urlTemplate":"https:\/\/konioarts.com\/?s={search_term_string}"},"query-input":{"@type":"PropertyValueSpecification","valueRequired":true,"valueName":"search_term_string"}}],"inLanguage":"pl-PL"},{"@type":"Organization","@id":"https:\/\/konioarts.com\/#organization","name":"Custom portraits, illustrations & graphic design","url":"https:\/\/konioarts.com\/","logo":{"@type":"ImageObject","inLanguage":"pl-PL","@id":"https:\/\/konioarts.com\/#\/schema\/logo\/image\/","url":"https:\/\/konioarts.com\/wp-content\/uploads\/2024\/06\/Asset-1-pdf-10.jpg","contentUrl":"https:\/\/konioarts.com\/wp-content\/uploads\/2024\/06\/Asset-1-pdf-10.jpg","caption":"Custom portraits, illustrations & graphic design"},"image":{"@id":"https:\/\/konioarts.com\/#\/schema\/logo\/image\/"},"sameAs":["https:\/\/www.instagram.com\/konio.arts\/"]}]}},"_links":{"self":[{"href":"https:\/\/konioarts.com\/pl\/wp-json\/wp\/v2\/pages\/1992","targetHints":{"allow":["GET"]}}],"collection":[{"href":"https:\/\/konioarts.com\/pl\/wp-json\/wp\/v2\/pages"}],"about":[{"href":"https:\/\/konioarts.com\/pl\/wp-json\/wp\/v2\/types\/page"}],"author":[{"embeddable":true,"href":"https:\/\/konioarts.com\/pl\/wp-json\/wp\/v2\/users\/1"}],"replies":[{"embeddable":true,"href":"https:\/\/konioarts.com\/pl\/wp-json\/wp\/v2\/comments?post=1992"}],"version-history":[{"count":40,"href":"https:\/\/konioarts.com\/pl\/wp-json\/wp\/v2\/pages\/1992\/revisions"}],"predecessor-version":[{"id":2934,"href":"https:\/\/konioarts.com\/pl\/wp-json\/wp\/v2\/pages\/1992\/revisions\/2934"}],"wp:attachment":[{"href":"https:\/\/konioarts.com\/pl\/wp-json\/wp\/v2\/media?parent=1992"}],"curies":[{"name":"wp","href":"https:\/\/api.w.org\/{rel}","templated":true}]}}